{"id":4042,"date":"2023-10-31T10:05:27","date_gmt":"2023-10-31T09:05:27","guid":{"rendered":"https:\/\/lex-dd.com\/wp\/immo\/?page_id=4042"},"modified":"2023-11-05T21:22:54","modified_gmt":"2023-11-05T20:22:54","slug":"construction-commerciale","status":"publish","type":"page","link":"https:\/\/lex-dd.com\/immo\/construction-commerciale\/","title":{"rendered":"CONSTRUCTION COMMERCIALE"},"content":{"rendered":"<section class=\"wpb-content-wrapper\"><p>[vc_row full_width=&#8221;stretch_row&#8221; css=&#8221;.vc_custom_1699211874357{background-color: #e5a648 !important;}&#8221;][vc_column css_animation=&#8221;fadeInLeftBig&#8221; css=&#8221;.vc_custom_1698345719555{padding-top: 39px !important;padding-bottom: 24px !important;}&#8221;][vc_row_inner css=&#8221;.vc_custom_1530552194144{margin-right: -6px !important;margin-left: -6px !important;}&#8221;][vc_column_inner width=&#8221;1\/2&#8243; css=&#8221;.vc_custom_1699212116655{padding-right: 6px !important;padding-left: 6px !important;background-position: center !important;background-repeat: no-repeat !important;background-size: cover !important;}&#8221;][vc_column_text]<\/p>\r\n<p>Chez <strong>LEX &amp; DD<\/strong>:<\/p>\r\n<p><strong>La construction commerciale fait r\u00e9f\u00e9rence<\/strong> \u00e0 la cr\u00e9ation et au d\u00e9veloppement de b\u00e2timents ou d&#8217;installations destin\u00e9es \u00e0 des activit\u00e9s commerciales, c&#8217;est-\u00e0-dire \u00e0 des fins lucratives. Ces constructions sont con\u00e7ues pour abriter des entreprises, des commerces, des restaurants, des bureaux, des h\u00f4tels, des centres commerciaux, des entrep\u00f4ts, des usines, etc. En d&#8217;autres termes, il s&#8217;agit de b\u00e2timents ou d&#8217;espaces sp\u00e9cifiquement destin\u00e9 \u00e0 des op\u00e9rations commerciales.<\/p>\r\n<p><strong>La construction commerciale implique<\/strong> g\u00e9n\u00e9ralement des exigences et des normes sp\u00e9cifiques en mati\u00e8re de conception, de s\u00e9curit\u00e9, d&#8217;accessibilit\u00e9, de zonage et de r\u00e9glementations, en fonction du type d&#8217;activit\u00e9 commerciale pr\u00e9vu et de l&#8217;emplacement du b\u00e2timent. Les promoteurs immobiliers, les architectes, les ing\u00e9nieurs et d&#8217;autres professionnels de la construction travaillent ensemble pour concevoir, financer et construire ces structures en respectant ces exigences.<\/p>\r\n<p><strong>La construction commerciale peut \u00e9galement \u00eatre soumise<\/strong> \u00e0 des consid\u00e9rations telles que la durabilit\u00e9 environnementale, l&#8217;efficacit\u00e9 \u00e9nerg\u00e9tique, la convivialit\u00e9 pour les clients et les employ\u00e9s, ainsi que la conformit\u00e9 aux codes du b\u00e2timent locaux et nationaux. Elle joue un r\u00f4le essentiel dans le d\u00e9veloppement \u00e9conomique d&#8217;une r\u00e9gion en fournissant des espaces pour les entreprises et en cr\u00e9ant des emplois.<\/p>\r\n<p>[\/vc_column_text][\/vc_column_inner][vc_column_inner width=&#8221;1\/2&#8243; css=&#8221;.vc_custom_1530552095266{padding-right: 6px !important;padding-left: 6px !important;}&#8221;][vc_single_image image=&#8221;4045&#8243; img_size=&#8221;full&#8221;][\/vc_column_inner][\/vc_row_inner][\/vc_column][\/vc_row][vc_row][vc_column][vc_column_text]<\/p>\r\n<!-- \/wp:shortcode -->\r\n<p>&nbsp;<\/p>\r\n<!-- wp:shortcode -->\r\n<p>[\/vc_column_text][\/vc_column][\/vc_row][vc_row full_width=&#8221;stretch_row&#8221;][vc_column css_animation=&#8221;fadeInLeftBig&#8221; css=&#8221;.vc_custom_1698345719555{padding-top: 39px !important;padding-bottom: 24px !important;}&#8221;][vc_row_inner css=&#8221;.vc_custom_1530552194144{margin-right: -6px !important;margin-left: -6px !important;}&#8221;][vc_column_inner width=&#8221;1\/2&#8243; css=&#8221;.vc_custom_1530552068359{padding-right: 6px !important;padding-left: 6px !important;}&#8221;]<div class=\" \">\r\n\t\r\n        <div class=\"mh-heading-wrapper\">\r\n            <h2            class=\"mh-heading  mh-heading--bottom-separator   \"\r\n            style=\"font-weight:700;\">\r\n\t\t\tPOUR TOUS VOS BESOINS, CONTACTEZ-NOUS !        <\/h2>\r\n\r\n\t\t            <div class=\"mh-subheading \"\r\n                 style=\"\">\r\n\t\t\t\tA votre \u00e9coute            <\/div>\r\n\t\t    <\/div>\r\n\r\n\t<\/div>[vc_column_text]<\/p>\r\n<p style=\"text-align: center;\">Nos charg\u00e9s de relation client\u00e8le sont \u00e0 votre \u00e9coute du lundi au vendredi de 08H \u00e0 17H<\/p>\r\n<p>[\/vc_column_text][\/vc_column_inner][vc_column_inner width=&#8221;1\/2&#8243; css=&#8221;.vc_custom_1530552095266{padding-right: 6px !important;padding-left: 6px !important;}&#8221;]\n<div class=\"wpcf7 no-js\" id=\"wpcf7-f1864-o1\" lang=\"en-US\" dir=\"ltr\">\n<div class=\"screen-reader-response\"><p role=\"status\" aria-live=\"polite\" aria-atomic=\"true\"><\/p> <ul><\/ul><\/div>\n<form action=\"\/immo\/wp-json\/wp\/v2\/pages\/4042#wpcf7-f1864-o1\" method=\"post\" class=\"wpcf7-form init\" aria-label=\"Contact form\" novalidate=\"novalidate\" data-status=\"init\">\n<div style=\"display: none;\">\n<input type=\"hidden\" name=\"_wpcf7\" value=\"1864\" \/>\n<input type=\"hidden\" name=\"_wpcf7_version\" value=\"5.8.2\" \/>\n<input type=\"hidden\" name=\"_wpcf7_locale\" value=\"en_US\" \/>\n<input type=\"hidden\" name=\"_wpcf7_unit_tag\" value=\"wpcf7-f1864-o1\" \/>\n<input type=\"hidden\" name=\"_wpcf7_container_post\" value=\"0\" \/>\n<input type=\"hidden\" name=\"_wpcf7_posted_data_hash\" value=\"\" \/>\n<\/div>\n<p><label><span class=\"wpcf7-form-control-wrap\" data-name=\"your-name\"><input size=\"40\" class=\"wpcf7-form-control wpcf7-text\" aria-invalid=\"false\" placeholder=\"Votre nom\" value=\"\" type=\"text\" name=\"your-name\" \/><\/span><\/label><label><span class=\"wpcf7-form-control-wrap\" data-name=\"your-phone\"><input size=\"40\" class=\"wpcf7-form-control wpcf7-tel wpcf7-text wpcf7-validates-as-tel\" aria-invalid=\"false\" placeholder=\"T\u00e9l\u00e9phone\" value=\"\" type=\"tel\" name=\"your-phone\" \/><\/span><\/label><label><span class=\"wpcf7-form-control-wrap\" data-name=\"your-email\"><input size=\"40\" class=\"wpcf7-form-control wpcf7-email wpcf7-validates-as-required wpcf7-text wpcf7-validates-as-email\" aria-required=\"true\" aria-invalid=\"false\" placeholder=\"Email\" value=\"\" type=\"email\" name=\"your-email\" \/><\/span><\/label><label><span class=\"wpcf7-form-control-wrap\" data-name=\"your-message\"><textarea cols=\"40\" rows=\"10\" class=\"wpcf7-form-control wpcf7-textarea\" aria-invalid=\"false\" placeholder=\"Votre message\" name=\"your-message\"><\/textarea><\/span><\/label><input class=\"wpcf7-form-control wpcf7-submit has-spinner\" type=\"submit\" value=\"Envoyer\" \/>\n<\/p><div class=\"wpcf7-response-output\" aria-hidden=\"true\"><\/div>\n<\/form>\n<\/div>\n[\/vc_column_inner][\/vc_row_inner][\/vc_column][\/vc_row][vc_column css=&#8221;.vc_custom_1494609678662{padding-top: 39px !important;padding-bottom: 24px !important;}&#8221;][\/vc_column]<\/p><\/section>","protected":false},"excerpt":{"rendered":"<p>[vc_row full_width=&#8221;stretch_row&#8221; css=&#8221;.vc_custom_1699211874357{background-color: #e5a648 !important;}&#8221;][vc_column css_animation=&#8221;fadeInLeftBig&#8221; css=&#8221;.vc_custom_1698345719555{padding-top: 39px !important;padding-bottom: 24px !important;}&#8221;][vc_row_inner css=&#8221;.vc_custom_1530552194144{margin-right: -6px !important;margin-left: -6px !important;}&#8221;][vc_column_inner width=&#8221;1\/2&#8243; css=&#8221;.vc_custom_1699212116655{padding-right: 6px !important;padding-left: 6px !important;background-position: center !important;background-repeat: no-repeat !important;background-size: cover !important;}&#8221;][vc_column_text] Chez LEX &amp; DD: La construction commerciale fait r\u00e9f\u00e9rence \u00e0 la cr\u00e9ation et au d\u00e9veloppement de b\u00e2timents ou d&#8217;installations destin\u00e9es \u00e0 des activit\u00e9s commerciales, c&#8217;est-\u00e0-dire \u00e0 des [&hellip;]<\/p>\n","protected":false},"author":1,"featured_media":0,"parent":0,"menu_order":0,"comment_status":"closed","ping_status":"closed","template":"","meta":{"footnotes":"","_joinchat":[]},"acf":[],"_links":{"self":[{"href":"https:\/\/lex-dd.com\/immo\/wp-json\/wp\/v2\/pages\/4042"}],"collection":[{"href":"https:\/\/lex-dd.com\/immo\/wp-json\/wp\/v2\/pages"}],"about":[{"href":"https:\/\/lex-dd.com\/immo\/wp-json\/wp\/v2\/types\/page"}],"author":[{"embeddable":true,"href":"https:\/\/lex-dd.com\/immo\/wp-json\/wp\/v2\/users\/1"}],"replies":[{"embeddable":true,"href":"https:\/\/lex-dd.com\/immo\/wp-json\/wp\/v2\/comments?post=4042"}],"version-history":[{"count":7,"href":"https:\/\/lex-dd.com\/immo\/wp-json\/wp\/v2\/pages\/4042\/revisions"}],"predecessor-version":[{"id":4232,"href":"https:\/\/lex-dd.com\/immo\/wp-json\/wp\/v2\/pages\/4042\/revisions\/4232"}],"wp:attachment":[{"href":"https:\/\/lex-dd.com\/immo\/wp-json\/wp\/v2\/media?parent=4042"}],"curies":[{"name":"wp","href":"https:\/\/api.w.org\/{rel}","templated":true}]}}