{"id":4030,"date":"2023-10-31T09:44:33","date_gmt":"2023-10-31T08:44:33","guid":{"rendered":"https:\/\/lex-dd.com\/wp\/immo\/?page_id=4030"},"modified":"2023-11-05T21:07:46","modified_gmt":"2023-11-05T20:07:46","slug":"gestion-de-projet","status":"publish","type":"page","link":"https:\/\/lex-dd.com\/immo\/gestion-de-projet\/","title":{"rendered":"GESTION DE PROJET"},"content":{"rendered":"<section class=\"wpb-content-wrapper\"><p>[vc_row full_width=&#8221;stretch_row&#8221; css=&#8221;.vc_custom_1699211874357{background-color: #e5a648 !important;}&#8221;][vc_column css_animation=&#8221;fadeInLeftBig&#8221; css=&#8221;.vc_custom_1698345719555{padding-top: 39px !important;padding-bottom: 24px !important;}&#8221;][vc_row_inner css=&#8221;.vc_custom_1530552194144{margin-right: -6px !important;margin-left: -6px !important;}&#8221;][vc_column_inner width=&#8221;1\/2&#8243; css=&#8221;.vc_custom_1699212116655{padding-right: 6px !important;padding-left: 6px !important;background-position: center !important;background-repeat: no-repeat !important;background-size: cover !important;}&#8221;][vc_single_image image=&#8221;4136&#8243; img_size=&#8221;full&#8221;][\/vc_column_inner][vc_column_inner width=&#8221;1\/2&#8243; css=&#8221;.vc_custom_1530552095266{padding-right: 6px !important;padding-left: 6px !important;}&#8221;][vc_column_text]<\/p>\r\n<p>La gestion de projet est un ensemble de pratiques, de m\u00e9thodologies, de comp\u00e9tences et d&#8217;outils utilis\u00e9s pour planifier, organiser, ex\u00e9cuter, contr\u00f4ler et cl\u00f4turer un projet, en vue d&#8217;atteindre des objectifs sp\u00e9cifiques dans des limites de temps, de co\u00fbts, et de ressources d\u00e9finies. Elle vise \u00e0 assurer que les projets sont men\u00e9s de mani\u00e8re efficace et efficiente, tout en respectant les contraintes initiales.<\/p>\r\n<p>Voici quelques \u00e9l\u00e9ments cl\u00e9s de la gestion de projet chez LEX &amp; DD :<\/p>\r\n<p><strong>1-Planification<\/strong> : La gestion de projet commence par la planification, qui implique l&#8217;identification des objectifs du projet, la d\u00e9finition des t\u00e2ches \u00e0 accomplir, la s\u00e9quence des activit\u00e9s, l&#8217;estimation des ressources n\u00e9cessaires, l&#8217;\u00e9tablissement d&#8217;un calendrier, et la gestion des risques potentiels.<\/p>\r\n<p><strong>2-Organisation<\/strong> : Une \u00e9quipe de projet est constitu\u00e9e avec des membres poss\u00e9dant les comp\u00e9tences appropri\u00e9es pour r\u00e9aliser les t\u00e2ches n\u00e9cessaires. La r\u00e9partition des r\u00f4les et des responsabilit\u00e9s est d\u00e9finie.<\/p>\r\n<p><strong>3-Ex\u00e9cution<\/strong> : Les activit\u00e9s du projet sont mises en \u0153uvre conform\u00e9ment au plan \u00e9tabli. Cela implique la coordination des ressources, la communication avec les parties impliqu\u00e9es et le suivi de l&#8217;avancement.<\/p>\r\n<p><strong>4-Contr\u00f4le<\/strong> : Tout au long du projet, des m\u00e9canismes de contr\u00f4le sont mis en place pour surveiller la progression, identifier les \u00e9carts par rapport au plan et prendre des mesures correctives si n\u00e9cessaire.<\/p>\r\n<p><strong>5-Communication<\/strong> : Une communication efficace avec les membres de l&#8217;\u00e9quipe, les parties prenantes et d&#8217;autres parties impliqu\u00e9es est essentielle pour garantir une compr\u00e9hension commune et une collaboration harmonieuse.<\/p>\r\n<p><strong>6-Cl\u00f4ture<\/strong> : Une fois que les objectifs du projet sont atteints, le projet est cl\u00f4tur\u00e9, ce qui inclut la remise de livrables, l&#8217;\u00e9valuation des r\u00e9sultats et des performances, ainsi que la capitalisation des le\u00e7ons apprises.<\/p>\r\n<p>La gestion de projet peut \u00eatre adapt\u00e9e \u00e0 diverses m\u00e9thodologies, telles que la m\u00e9thode en cascade, la m\u00e9thode Agile, le mod\u00e8le hybride, etc., en fonction des besoins et des sp\u00e9cificit\u00e9s du projet. Elle est utilis\u00e9e dans de nombreux domaines, de l&#8217;industrie et de la construction aux technologies de l&#8217;information, en passant par la recherche et le d\u00e9veloppement, pour assurer la r\u00e9alisation r\u00e9ussie de projets de toutes tailles et de toutes complexit\u00e9s.<\/p>\r\n<p>[\/vc_column_text][\/vc_column_inner][\/vc_row_inner][\/vc_column][\/vc_row][vc_row][vc_column][vc_column_text]<\/p>\r\n<p><!-- \/wp:shortcode -->\u00a0<\/p>\r\n<p><!-- wp:shortcode -->[\/vc_column_text][\/vc_column][\/vc_row][vc_row full_width=&#8221;stretch_row&#8221;][vc_column css_animation=&#8221;fadeInLeftBig&#8221; css=&#8221;.vc_custom_1698345719555{padding-top: 39px !important;padding-bottom: 24px !important;}&#8221;][vc_row_inner css=&#8221;.vc_custom_1530552194144{margin-right: -6px !important;margin-left: -6px !important;}&#8221;][vc_column_inner width=&#8221;1\/2&#8243; css=&#8221;.vc_custom_1530552068359{padding-right: 6px !important;padding-left: 6px !important;}&#8221;]<div class=\" \">\r\n\t\r\n        <div class=\"mh-heading-wrapper\">\r\n            <h2            class=\"mh-heading  mh-heading--bottom-separator   \"\r\n            style=\"font-weight:700;\">\r\n\t\t\tPOUR TOUS VOS BESOINS, CONTACTEZ-NOUS !        <\/h2>\r\n\r\n\t\t            <div class=\"mh-subheading \"\r\n                 style=\"\">\r\n\t\t\t\tA votre \u00e9coute            <\/div>\r\n\t\t    <\/div>\r\n\r\n\t<\/div>[vc_column_text]<\/p>\r\n<p style=\"text-align: center;\">Nos charg\u00e9s de relation client\u00e8le sont \u00e0 votre \u00e9coute du lundi au vendredi de 08H \u00e0 17H<\/p>\r\n<p>[\/vc_column_text][\/vc_column_inner][vc_column_inner width=&#8221;1\/2&#8243; css=&#8221;.vc_custom_1530552095266{padding-right: 6px !important;padding-left: 6px !important;}&#8221;]\n<div class=\"wpcf7 no-js\" id=\"wpcf7-f1864-o1\" lang=\"en-US\" dir=\"ltr\">\n<div class=\"screen-reader-response\"><p role=\"status\" aria-live=\"polite\" aria-atomic=\"true\"><\/p> <ul><\/ul><\/div>\n<form action=\"\/immo\/wp-json\/wp\/v2\/pages\/4030#wpcf7-f1864-o1\" method=\"post\" class=\"wpcf7-form init\" aria-label=\"Contact form\" novalidate=\"novalidate\" data-status=\"init\">\n<div style=\"display: none;\">\n<input type=\"hidden\" name=\"_wpcf7\" value=\"1864\" \/>\n<input type=\"hidden\" name=\"_wpcf7_version\" value=\"5.8.2\" \/>\n<input type=\"hidden\" name=\"_wpcf7_locale\" value=\"en_US\" \/>\n<input type=\"hidden\" name=\"_wpcf7_unit_tag\" value=\"wpcf7-f1864-o1\" \/>\n<input type=\"hidden\" name=\"_wpcf7_container_post\" value=\"0\" \/>\n<input type=\"hidden\" name=\"_wpcf7_posted_data_hash\" value=\"\" \/>\n<\/div>\n<p><label><span class=\"wpcf7-form-control-wrap\" data-name=\"your-name\"><input size=\"40\" class=\"wpcf7-form-control wpcf7-text\" aria-invalid=\"false\" placeholder=\"Votre nom\" value=\"\" type=\"text\" name=\"your-name\" \/><\/span><\/label><label><span class=\"wpcf7-form-control-wrap\" data-name=\"your-phone\"><input size=\"40\" class=\"wpcf7-form-control wpcf7-tel wpcf7-text wpcf7-validates-as-tel\" aria-invalid=\"false\" placeholder=\"T\u00e9l\u00e9phone\" value=\"\" type=\"tel\" name=\"your-phone\" \/><\/span><\/label><label><span class=\"wpcf7-form-control-wrap\" data-name=\"your-email\"><input size=\"40\" class=\"wpcf7-form-control wpcf7-email wpcf7-validates-as-required wpcf7-text wpcf7-validates-as-email\" aria-required=\"true\" aria-invalid=\"false\" placeholder=\"Email\" value=\"\" type=\"email\" name=\"your-email\" \/><\/span><\/label><label><span class=\"wpcf7-form-control-wrap\" data-name=\"your-message\"><textarea cols=\"40\" rows=\"10\" class=\"wpcf7-form-control wpcf7-textarea\" aria-invalid=\"false\" placeholder=\"Votre message\" name=\"your-message\"><\/textarea><\/span><\/label><input class=\"wpcf7-form-control wpcf7-submit has-spinner\" type=\"submit\" value=\"Envoyer\" \/>\n<\/p><div class=\"wpcf7-response-output\" aria-hidden=\"true\"><\/div>\n<\/form>\n<\/div>\n[\/vc_column_inner][\/vc_row_inner][\/vc_column][\/vc_row][vc_column css=&#8221;.vc_custom_1494609678662{padding-top: 39px !important;padding-bottom: 24px !important;}&#8221;][\/vc_column]<\/p><\/section>","protected":false},"excerpt":{"rendered":"<p>[vc_row full_width=&#8221;stretch_row&#8221; css=&#8221;.vc_custom_1699211874357{background-color: #e5a648 !important;}&#8221;][vc_column css_animation=&#8221;fadeInLeftBig&#8221; css=&#8221;.vc_custom_1698345719555{padding-top: 39px !important;padding-bottom: 24px !important;}&#8221;][vc_row_inner css=&#8221;.vc_custom_1530552194144{margin-right: -6px !important;margin-left: -6px !important;}&#8221;][vc_column_inner width=&#8221;1\/2&#8243; css=&#8221;.vc_custom_1699212116655{padding-right: 6px !important;padding-left: 6px !important;background-position: center !important;background-repeat: no-repeat !important;background-size: cover !important;}&#8221;][vc_single_image image=&#8221;4136&#8243; img_size=&#8221;full&#8221;][\/vc_column_inner][vc_column_inner width=&#8221;1\/2&#8243; css=&#8221;.vc_custom_1530552095266{padding-right: 6px !important;padding-left: 6px !important;}&#8221;][vc_column_text] La gestion de projet est un ensemble de pratiques, de m\u00e9thodologies, de comp\u00e9tences et d&#8217;outils utilis\u00e9s pour planifier, organiser, [&hellip;]<\/p>\n","protected":false},"author":1,"featured_media":0,"parent":0,"menu_order":0,"comment_status":"closed","ping_status":"closed","template":"","meta":{"footnotes":"","_joinchat":[]},"acf":[],"_links":{"self":[{"href":"https:\/\/lex-dd.com\/immo\/wp-json\/wp\/v2\/pages\/4030"}],"collection":[{"href":"https:\/\/lex-dd.com\/immo\/wp-json\/wp\/v2\/pages"}],"about":[{"href":"https:\/\/lex-dd.com\/immo\/wp-json\/wp\/v2\/types\/page"}],"author":[{"embeddable":true,"href":"https:\/\/lex-dd.com\/immo\/wp-json\/wp\/v2\/users\/1"}],"replies":[{"embeddable":true,"href":"https:\/\/lex-dd.com\/immo\/wp-json\/wp\/v2\/comments?post=4030"}],"version-history":[{"count":12,"href":"https:\/\/lex-dd.com\/immo\/wp-json\/wp\/v2\/pages\/4030\/revisions"}],"predecessor-version":[{"id":4228,"href":"https:\/\/lex-dd.com\/immo\/wp-json\/wp\/v2\/pages\/4030\/revisions\/4228"}],"wp:attachment":[{"href":"https:\/\/lex-dd.com\/immo\/wp-json\/wp\/v2\/media?parent=4030"}],"curies":[{"name":"wp","href":"https:\/\/api.w.org\/{rel}","templated":true}]}}