{"id":3871,"date":"2023-10-27T17:07:40","date_gmt":"2023-10-27T15:07:40","guid":{"rendered":"https:\/\/lex-dd.com\/wp\/immo\/?page_id=3871"},"modified":"2024-12-09T13:11:39","modified_gmt":"2024-12-09T12:11:39","slug":"achat-vente-2","status":"publish","type":"page","link":"https:\/\/lex-dd.com\/immo\/achat-vente-2\/","title":{"rendered":"Achat &#038; Vente"},"content":{"rendered":"<section class=\"wpb-content-wrapper\"><p>[vc_row full_width=&#8221;stretch_row_content_no_spaces&#8221; equal_height=&#8221;yes&#8221; content_placement=&#8221;middle&#8221; css_animation=&#8221;fadeInRightBig&#8221; css=&#8221;.vc_custom_1698424145704{background-color: #eab443 !important;}&#8221; el_class=&#8221;qui&#8221;][vc_column css_animation=&#8221;fadeInDownBig&#8221; width=&#8221;1\/2&#8243; css=&#8221;.vc_custom_1698685940200{padding-top: 0px !important;background-image: url(http:\/\/lex-dd.com\/wp\/immo\/wp-content\/uploads\/sites\/3\/2023\/10\/1104585.jpg?id=4002) !important;background-position: center !important;background-repeat: no-repeat !important;background-size: contain !important;}&#8221; el_class=&#8221;mh-2-col-image-bg&#8221;][vc_single_image image=&#8221;4002&#8243; img_size=&#8221;full&#8221;][\/vc_column][vc_column width=&#8221;1\/2&#8243; css=&#8221;.vc_custom_1496231457062{padding-top: 0px !important;}&#8221; el_class=&#8221;mh-2-col-text&#8221;]<div class=\"mh-heading-wrapper--left \">\r\n\t\r\n        <div class=\"mh-heading-wrapper\">\r\n            <h2            class=\"mh-heading  mh-heading--bottom-separator   \"\r\n            style=\"font-weight:700;\">\r\n\t\t\tACHAT        <\/h2>\r\n\r\n\t\t    <\/div>\r\n\r\n\t<\/div>[vc_column_text el_class=&#8221;mh-font-size-m&#8221;]<\/p>\n<h5>Acheter un bien immobilier, c\u2019est souvent un projet de vie. Que ce soit une maison pour y habiter ou pour un appartement r\u00e9aliser un investissement locatif, le logement achet\u00e9 est l\u2019aboutissement un projet important. Il est donc essentiel de poss\u00e9der toutes les informations n\u00e9cessaires pour faire un choix \u00e9clair\u00e9. LEX &amp; DD vous aide \u00e0 chaque \u00e9tape. Gr\u00e2ce \u00e0 nos conseils, vous apprenez \u00e0 s\u00e9lectionner les crit\u00e8res importants pour vous. Avec notre expertise, vous r\u00e9alisez en quelques minutes l\u2019estimation d\u2019un bien qui vous int\u00e9resse. Et bien s\u00fbr, tous nos agents vous accompagnent et vous conseillent. <a href=\"https:\/\/www.febm.org\/\">capitaltoto<\/a><\/h5>\n<p>[\/vc_column_text][\/vc_column][\/vc_row][vc_row full_width=&#8221;stretch_row_content_no_spaces&#8221; equal_height=&#8221;yes&#8221; content_placement=&#8221;middle&#8221; css_animation=&#8221;fadeInRightBig&#8221; css=&#8221;.vc_custom_1698424145704{background-color: #eab443 !important;}&#8221; el_class=&#8221;qui&#8221;][vc_column css_animation=&#8221;fadeInDownBig&#8221; width=&#8221;1\/2&#8243; css=&#8221;.vc_custom_1699219647987{padding-top: 0px !important;background-position: center !important;background-repeat: no-repeat !important;background-size: contain !important;}&#8221; el_class=&#8221;mh-2-col-image-bg&#8221;]<div class=\"mh-heading-wrapper--left \">\r\n\t\r\n        <div class=\"mh-heading-wrapper\">\r\n            <h2            class=\"mh-heading  mh-heading--bottom-separator   \"\r\n            style=\"font-weight:700;\">\r\n\t\t\tVENTE        <\/h2>\r\n\r\n\t\t    <\/div>\r\n\r\n\t<\/div>[vc_column_text el_class=&#8221;mh-font-size-m&#8221;]<\/p>\n<h5>Vous avez un appartement ou une maison \u00e0 vendre ? L\u2019une de vos pr\u00e9occupations doit \u00eatre de trouver rapidement un acheteur. M\u00eame dans un march\u00e9 immobilier en crise il est possible de vendre vite. La fixation du juste prix de votre maison ou de votre appartement est la pi\u00e8ce maitresse de votre jeu. Trop haut, cela ne se vendra jamais et vous risquez de devoir vendre moins cher plus tard, trop bas et vous vendrez certes tr\u00e8s rapidement, mais vous aurez perdu de l\u2019argent par rapport \u00e0 ce que vaut r\u00e9ellement votre bien immobilier. Alors comment trouver le juste milieu ? Confiez-le \u00e0 nos experts ! Vendez-le rapidement en obtenant le meilleur prix.<\/h5>\n<p>[\/vc_column_text][\/vc_column][vc_column width=&#8221;1\/2&#8243; css=&#8221;.vc_custom_1699219583250{padding-top: 0px !important;background-image: url(http:\/\/lex-dd.com\/wp\/immo\/wp-content\/uploads\/sites\/3\/2023\/10\/1104585.jpg?id=4002) !important;}&#8221; el_class=&#8221;mh-2-col-text&#8221;][vc_single_image image=&#8221;3892&#8243; img_size=&#8221;full&#8221;][\/vc_column][\/vc_row][vc_row full_width=&#8221;stretch_row_content_no_spaces&#8221; equal_height=&#8221;yes&#8221; content_placement=&#8221;middle&#8221; css_animation=&#8221;fadeInRightBig&#8221; css=&#8221;.vc_custom_1698399276887{background-color: #ffffff !important;}&#8221; el_class=&#8221;qui&#8221;][vc_column css_animation=&#8221;fadeInDownBig&#8221; width=&#8221;1\/2&#8243; css=&#8221;.vc_custom_1698399582437{padding-top: 0px !important;background-color: #ffffff !important;background-position: center !important;background-repeat: no-repeat !important;background-size: contain !important;}&#8221; el_class=&#8221;mh-2-col-image-bg&#8221; el_id=&#8221;notre1&#8243;]<div class=\" \">\r\n\t\r\n        <div class=\"mh-heading-wrapper\">\r\n            <h2            class=\"mh-heading  mh-heading--bottom-separator   \"\r\n            style=\"font-weight:700;\">\r\n\t\t\tPOUR TOUS VOS BESOINS, CONTACTEZ-NOUS !        <\/h2>\r\n\r\n\t\t            <div class=\"mh-subheading \"\r\n                 style=\"\">\r\n\t\t\t\tA votre \u00e9coute            <\/div>\r\n\t\t    <\/div>\r\n\r\n\t<\/div>[vc_column_text]<\/p>\n<p style=\"text-align: center;\">Nos charg\u00e9s de relation client\u00e8le sont \u00e0 votre \u00e9coute du lundi au vendredi de 08H \u00e0 17H<\/p>\n<p>[\/vc_column_text][\/vc_column][vc_column width=&#8221;1\/2&#8243; css=&#8221;.vc_custom_1698407346421{padding-top: 0px !important;background-position: center !important;background-repeat: no-repeat !important;background-size: contain !important;}&#8221; el_class=&#8221;mh-2-col-text&#8221;]\n<div class=\"wpcf7 no-js\" id=\"wpcf7-f1864-o1\" lang=\"en-US\" dir=\"ltr\">\n<div class=\"screen-reader-response\"><p role=\"status\" aria-live=\"polite\" aria-atomic=\"true\"><\/p> <ul><\/ul><\/div>\n<form action=\"\/immo\/wp-json\/wp\/v2\/pages\/3871#wpcf7-f1864-o1\" method=\"post\" class=\"wpcf7-form init\" aria-label=\"Contact form\" novalidate=\"novalidate\" data-status=\"init\">\n<div style=\"display: none;\">\n<input type=\"hidden\" name=\"_wpcf7\" value=\"1864\" \/>\n<input type=\"hidden\" name=\"_wpcf7_version\" value=\"5.8.2\" \/>\n<input type=\"hidden\" name=\"_wpcf7_locale\" value=\"en_US\" \/>\n<input type=\"hidden\" name=\"_wpcf7_unit_tag\" value=\"wpcf7-f1864-o1\" \/>\n<input type=\"hidden\" name=\"_wpcf7_container_post\" value=\"0\" \/>\n<input type=\"hidden\" name=\"_wpcf7_posted_data_hash\" value=\"\" \/>\n<\/div>\n<p><label><span class=\"wpcf7-form-control-wrap\" data-name=\"your-name\"><input size=\"40\" class=\"wpcf7-form-control wpcf7-text\" aria-invalid=\"false\" placeholder=\"Votre nom\" value=\"\" type=\"text\" name=\"your-name\" \/><\/span><\/label><label><span class=\"wpcf7-form-control-wrap\" data-name=\"your-phone\"><input size=\"40\" class=\"wpcf7-form-control wpcf7-tel wpcf7-text wpcf7-validates-as-tel\" aria-invalid=\"false\" placeholder=\"T\u00e9l\u00e9phone\" value=\"\" type=\"tel\" name=\"your-phone\" \/><\/span><\/label><label><span class=\"wpcf7-form-control-wrap\" data-name=\"your-email\"><input size=\"40\" class=\"wpcf7-form-control wpcf7-email wpcf7-validates-as-required wpcf7-text wpcf7-validates-as-email\" aria-required=\"true\" aria-invalid=\"false\" placeholder=\"Email\" value=\"\" type=\"email\" name=\"your-email\" \/><\/span><\/label><label><span class=\"wpcf7-form-control-wrap\" data-name=\"your-message\"><textarea cols=\"40\" rows=\"10\" class=\"wpcf7-form-control wpcf7-textarea\" aria-invalid=\"false\" placeholder=\"Votre message\" name=\"your-message\"><\/textarea><\/span><\/label><input class=\"wpcf7-form-control wpcf7-submit has-spinner\" type=\"submit\" value=\"Envoyer\" \/>\n<\/p><div class=\"wpcf7-response-output\" aria-hidden=\"true\"><\/div>\n<\/form>\n<\/div>\n[\/vc_column][\/vc_row]<\/p>\n<\/section>","protected":false},"excerpt":{"rendered":"<p>[vc_row full_width=&#8221;stretch_row_content_no_spaces&#8221; equal_height=&#8221;yes&#8221; content_placement=&#8221;middle&#8221; css_animation=&#8221;fadeInRightBig&#8221; css=&#8221;.vc_custom_1698424145704{background-color: #eab443 !important;}&#8221; el_class=&#8221;qui&#8221;][vc_column css_animation=&#8221;fadeInDownBig&#8221; width=&#8221;1\/2&#8243; css=&#8221;.vc_custom_1698685940200{padding-top: 0px !important;background-image: url(http:\/\/lex-dd.com\/wp\/immo\/wp-content\/uploads\/sites\/3\/2023\/10\/1104585.jpg?id=4002) !important;background-position: center !important;background-repeat: no-repeat !important;background-size: contain !important;}&#8221; el_class=&#8221;mh-2-col-image-bg&#8221;][vc_single_image image=&#8221;4002&#8243; img_size=&#8221;full&#8221;][\/vc_column][vc_column width=&#8221;1\/2&#8243; css=&#8221;.vc_custom_1496231457062{padding-top: 0px !important;}&#8221; el_class=&#8221;mh-2-col-text&#8221;][vc_column_text el_class=&#8221;mh-font-size-m&#8221;] Acheter un bien immobilier, c\u2019est souvent un projet de vie. Que ce soit une maison pour y habiter ou pour un appartement r\u00e9aliser un [&hellip;]<\/p>\n","protected":false},"author":1,"featured_media":3873,"parent":0,"menu_order":0,"comment_status":"closed","ping_status":"closed","template":"","meta":{"footnotes":"","_joinchat":[]},"acf":[],"_links":{"self":[{"href":"https:\/\/lex-dd.com\/immo\/wp-json\/wp\/v2\/pages\/3871"}],"collection":[{"href":"https:\/\/lex-dd.com\/immo\/wp-json\/wp\/v2\/pages"}],"about":[{"href":"https:\/\/lex-dd.com\/immo\/wp-json\/wp\/v2\/types\/page"}],"author":[{"embeddable":true,"href":"https:\/\/lex-dd.com\/immo\/wp-json\/wp\/v2\/users\/1"}],"replies":[{"embeddable":true,"href":"https:\/\/lex-dd.com\/immo\/wp-json\/wp\/v2\/comments?post=3871"}],"version-history":[{"count":32,"href":"https:\/\/lex-dd.com\/immo\/wp-json\/wp\/v2\/pages\/3871\/revisions"}],"predecessor-version":[{"id":4615,"href":"https:\/\/lex-dd.com\/immo\/wp-json\/wp\/v2\/pages\/3871\/revisions\/4615"}],"wp:featuredmedia":[{"embeddable":true,"href":"https:\/\/lex-dd.com\/immo\/wp-json\/wp\/v2\/media\/3873"}],"wp:attachment":[{"href":"https:\/\/lex-dd.com\/immo\/wp-json\/wp\/v2\/media?parent=3871"}],"curies":[{"name":"wp","href":"https:\/\/api.w.org\/{rel}","templated":true}]}}