{"id":3856,"date":"2023-10-27T16:32:36","date_gmt":"2023-10-27T14:32:36","guid":{"rendered":"https:\/\/lex-dd.com\/wp\/immo\/?page_id=3856"},"modified":"2023-11-05T20:52:38","modified_gmt":"2023-11-05T19:52:38","slug":"syndic","status":"publish","type":"page","link":"https:\/\/lex-dd.com\/immo\/syndic\/","title":{"rendered":"Syndic"},"content":{"rendered":"<section class=\"wpb-content-wrapper\">[vc_row full_width=&#8221;stretch_row&#8221; css=&#8221;.vc_custom_1699211874357{background-color: #e5a648 !important;}&#8221;][vc_column css_animation=&#8221;fadeInLeftBig&#8221; css=&#8221;.vc_custom_1698345719555{padding-top: 39px !important;padding-bottom: 24px !important;}&#8221;][vc_row_inner css=&#8221;.vc_custom_1530552194144{margin-right: -6px !important;margin-left: -6px !important;}&#8221;][vc_column_inner width=&#8221;1\/2&#8243; css=&#8221;.vc_custom_1699212116655{padding-right: 6px !important;padding-left: 6px !important;background-position: center !important;background-repeat: no-repeat !important;background-size: cover !important;}&#8221;][vc_single_image image=&#8221;3860&#8243; img_size=&#8221;full&#8221;][\/vc_column_inner][vc_column_inner width=&#8221;1\/2&#8243; css=&#8221;.vc_custom_1530552095266{padding-right: 6px !important;padding-left: 6px !important;}&#8221;]<div class=\"mh-heading-wrapper--left \">\r\n\t\r\n        <div class=\"mh-heading-wrapper\">\r\n            <h2            class=\"mh-heading  mh-heading--bottom-separator   \"\r\n            style=\"font-weight:700;\">\r\n\t\t\tSYNDIC DE COPROPRI\u00c9T\u00c9        <\/h2>\r\n\r\n\t\t            <div class=\"mh-subheading \"\r\n                 style=\"\">\r\n\t\t\t\tNos services            <\/div>\r\n\t\t    <\/div>\r\n\r\n\t<\/div>[vc_column_text]Ch\u00e8re Copropri\u00e9taire, LEX &amp; DD a le plaisir de vous pr\u00e9senter notre proposition de service de syndic de copropri\u00e9t\u00e9 pour votre immeuble.\r\n\r\n<strong>1. Gestion Administrative<\/strong> :\r\nTenue des assembl\u00e9es g\u00e9n\u00e9rales annuelles et extraordinaires.\r\nR\u00e9daction et diffusion des convocations et proc\u00e8s-verbaux.\r\nSuivi des r\u00e9solutions vot\u00e9es et des travaux d\u00e9cid\u00e9s.\r\n\r\n<strong>2. Gestion Comptable<\/strong> :\r\nOuverture et suivi du compte bancaire de la copropri\u00e9t\u00e9.\r\n\u00c9tablissement et suivi des budgets pr\u00e9visionnels.\r\nGestion des appels de fonds et recouvrement des charges.\r\n\r\n<strong>3. Gestion Technique<\/strong> :\r\n\r\nSuivi des prestataires et des contrats d&#8217;entretien (ascenseur, climatisation, etc.).\r\nGestion des sinistres et des travaux d&#8217;urgence.\r\nPlanification et suivi des travaux d&#8217;entretien et de r\u00e9novation.\r\n\r\n<strong>4. Gestion Juridique<\/strong> :\r\nVeille l\u00e9gale et r\u00e9glementaire en mati\u00e8re de copropri\u00e9t\u00e9.\r\nConseils juridiques en cas de litiges ou de contentieux.\r\n\r\n<strong>5. Communication et Transparence<\/strong> :\r\nMise en place d&#8217;une plateforme en ligne pour acc\u00e9der aux documents de la copropri\u00e9t\u00e9.\r\nCommunication r\u00e9guli\u00e8re sur l&#8217;\u00e9tat financier et les projets en cours.\r\n\r\n<strong>6. Services Optionnels<\/strong> :\r\n\r\nAssurance &#8220;Protection Juridique Copropri\u00e9t\u00e9&#8221;.\r\nMise en place d&#8217;un service de conciergerie.\r\n\r\nNotre \u00e9quipe exp\u00e9riment\u00e9e chez LEX &amp; DD est d\u00e9di\u00e9e \u00e0 vous offrir un service de qualit\u00e9, alliant professionnalisme, transparence et r\u00e9activit\u00e9.\r\n\r\nN&#8217;h\u00e9sitez pas \u00e0 nous contacter pour toute information compl\u00e9mentaire ou pour fixer une rencontre afin d&#8217;\u00e9changer plus en d\u00e9tail sur vos besoins sp\u00e9cifiques.\r\n\r\nNous serions honor\u00e9s de devenir le partenaire de confiance de votre copropri\u00e9t\u00e9.\r\n\r\n[\/vc_column_text][\/vc_column_inner][\/vc_row_inner][\/vc_column][\/vc_row][vc_row][vc_column][vc_column_text]\r\n\r\n<!-- \/wp:shortcode --><!-- wp:shortcode -->[\/vc_column_text][\/vc_column][\/vc_row][vc_row full_width=&#8221;stretch_row&#8221;][vc_column css_animation=&#8221;fadeInLeftBig&#8221; css=&#8221;.vc_custom_1698345719555{padding-top: 39px !important;padding-bottom: 24px !important;}&#8221;][vc_row_inner css=&#8221;.vc_custom_1530552194144{margin-right: -6px !important;margin-left: -6px !important;}&#8221;][vc_column_inner width=&#8221;1\/2&#8243; css=&#8221;.vc_custom_1530552068359{padding-right: 6px !important;padding-left: 6px !important;}&#8221;]<div class=\" \">\r\n\t\r\n        <div class=\"mh-heading-wrapper\">\r\n            <h2            class=\"mh-heading  mh-heading--bottom-separator   \"\r\n            style=\"font-weight:700;\">\r\n\t\t\tPOUR TOUS VOS BESOINS, CONTACTEZ-NOUS !        <\/h2>\r\n\r\n\t\t            <div class=\"mh-subheading \"\r\n                 style=\"\">\r\n\t\t\t\tA votre \u00e9coute            <\/div>\r\n\t\t    <\/div>\r\n\r\n\t<\/div>[vc_column_text]\r\n<p style=\"text-align: center;\">Nos charg\u00e9s de relation client\u00e8le sont \u00e0 votre \u00e9coute du lundi au vendredi de 08H \u00e0 17H<\/p>\r\n[\/vc_column_text][\/vc_column_inner][vc_column_inner width=&#8221;1\/2&#8243; css=&#8221;.vc_custom_1530552095266{padding-right: 6px !important;padding-left: 6px !important;}&#8221;]\n<div class=\"wpcf7 no-js\" id=\"wpcf7-f1864-o1\" lang=\"en-US\" dir=\"ltr\">\n<div class=\"screen-reader-response\"><p role=\"status\" aria-live=\"polite\" aria-atomic=\"true\"><\/p> <ul><\/ul><\/div>\n<form action=\"\/immo\/wp-json\/wp\/v2\/pages\/3856#wpcf7-f1864-o1\" method=\"post\" class=\"wpcf7-form init\" aria-label=\"Contact form\" novalidate=\"novalidate\" data-status=\"init\">\n<div style=\"display: none;\">\n<input type=\"hidden\" name=\"_wpcf7\" value=\"1864\" \/>\n<input type=\"hidden\" name=\"_wpcf7_version\" value=\"5.8.2\" \/>\n<input type=\"hidden\" name=\"_wpcf7_locale\" value=\"en_US\" \/>\n<input type=\"hidden\" name=\"_wpcf7_unit_tag\" value=\"wpcf7-f1864-o1\" \/>\n<input type=\"hidden\" name=\"_wpcf7_container_post\" value=\"0\" \/>\n<input type=\"hidden\" name=\"_wpcf7_posted_data_hash\" value=\"\" \/>\n<\/div>\n<p><label><span class=\"wpcf7-form-control-wrap\" data-name=\"your-name\"><input size=\"40\" class=\"wpcf7-form-control wpcf7-text\" aria-invalid=\"false\" placeholder=\"Votre nom\" value=\"\" type=\"text\" name=\"your-name\" \/><\/span><\/label><label><span class=\"wpcf7-form-control-wrap\" data-name=\"your-phone\"><input size=\"40\" class=\"wpcf7-form-control wpcf7-tel wpcf7-text wpcf7-validates-as-tel\" aria-invalid=\"false\" placeholder=\"T\u00e9l\u00e9phone\" value=\"\" type=\"tel\" name=\"your-phone\" \/><\/span><\/label><label><span class=\"wpcf7-form-control-wrap\" data-name=\"your-email\"><input size=\"40\" class=\"wpcf7-form-control wpcf7-email wpcf7-validates-as-required wpcf7-text wpcf7-validates-as-email\" aria-required=\"true\" aria-invalid=\"false\" placeholder=\"Email\" value=\"\" type=\"email\" name=\"your-email\" \/><\/span><\/label><label><span class=\"wpcf7-form-control-wrap\" data-name=\"your-message\"><textarea cols=\"40\" rows=\"10\" class=\"wpcf7-form-control wpcf7-textarea\" aria-invalid=\"false\" placeholder=\"Votre message\" name=\"your-message\"><\/textarea><\/span><\/label><input class=\"wpcf7-form-control wpcf7-submit has-spinner\" type=\"submit\" value=\"Envoyer\" \/>\n<\/p><div class=\"wpcf7-response-output\" aria-hidden=\"true\"><\/div>\n<\/form>\n<\/div>\n[\/vc_column_inner][\/vc_row_inner][\/vc_column][\/vc_row][vc_column css=&#8221;.vc_custom_1494609678662{padding-top: 39px !important;padding-bottom: 24px !important;}&#8221;][\/vc_column]<\/section>","protected":false},"excerpt":{"rendered":"<p>[vc_row full_width=&#8221;stretch_row&#8221; css=&#8221;.vc_custom_1699211874357{background-color: #e5a648 !important;}&#8221;][vc_column css_animation=&#8221;fadeInLeftBig&#8221; css=&#8221;.vc_custom_1698345719555{padding-top: 39px !important;padding-bottom: 24px !important;}&#8221;][vc_row_inner css=&#8221;.vc_custom_1530552194144{margin-right: -6px !important;margin-left: -6px !important;}&#8221;][vc_column_inner width=&#8221;1\/2&#8243; css=&#8221;.vc_custom_1699212116655{padding-right: 6px !important;padding-left: 6px !important;background-position: center !important;background-repeat: no-repeat !important;background-size: cover !important;}&#8221;][vc_single_image image=&#8221;3860&#8243; img_size=&#8221;full&#8221;][\/vc_column_inner][vc_column_inner width=&#8221;1\/2&#8243; css=&#8221;.vc_custom_1530552095266{padding-right: 6px !important;padding-left: 6px !important;}&#8221;][vc_column_text]Ch\u00e8re Copropri\u00e9taire, LEX &amp; DD a le plaisir de vous pr\u00e9senter notre proposition de service de syndic de copropri\u00e9t\u00e9 pour [&hellip;]<\/p>\n","protected":false},"author":1,"featured_media":0,"parent":0,"menu_order":0,"comment_status":"closed","ping_status":"closed","template":"","meta":{"footnotes":"","_joinchat":[]},"acf":[],"_links":{"self":[{"href":"https:\/\/lex-dd.com\/immo\/wp-json\/wp\/v2\/pages\/3856"}],"collection":[{"href":"https:\/\/lex-dd.com\/immo\/wp-json\/wp\/v2\/pages"}],"about":[{"href":"https:\/\/lex-dd.com\/immo\/wp-json\/wp\/v2\/types\/page"}],"author":[{"embeddable":true,"href":"https:\/\/lex-dd.com\/immo\/wp-json\/wp\/v2\/users\/1"}],"replies":[{"embeddable":true,"href":"https:\/\/lex-dd.com\/immo\/wp-json\/wp\/v2\/comments?post=3856"}],"version-history":[{"count":17,"href":"https:\/\/lex-dd.com\/immo\/wp-json\/wp\/v2\/pages\/3856\/revisions"}],"predecessor-version":[{"id":4225,"href":"https:\/\/lex-dd.com\/immo\/wp-json\/wp\/v2\/pages\/3856\/revisions\/4225"}],"wp:attachment":[{"href":"https:\/\/lex-dd.com\/immo\/wp-json\/wp\/v2\/media?parent=3856"}],"curies":[{"name":"wp","href":"https:\/\/api.w.org\/{rel}","templated":true}]}}