{"id":3845,"date":"2023-10-27T15:32:24","date_gmt":"2023-10-27T13:32:24","guid":{"rendered":"https:\/\/lex-dd.com\/wp\/immo\/?page_id=3845"},"modified":"2023-12-05T10:56:30","modified_gmt":"2023-12-05T09:56:30","slug":"gestion-locative","status":"publish","type":"page","link":"https:\/\/lex-dd.com\/immo\/gestion-locative\/","title":{"rendered":"Gestion locative"},"content":{"rendered":"<section class=\"wpb-content-wrapper\"><p>[vc_row full_width=&#8221;stretch_row_content_no_spaces&#8221; equal_height=&#8221;yes&#8221; content_placement=&#8221;middle&#8221; css_animation=&#8221;fadeInRightBig&#8221; css=&#8221;.vc_custom_1698407560491{background-color: #e5a648 !important;}&#8221; el_class=&#8221;qui&#8221;][vc_column css_animation=&#8221;fadeInDownBig&#8221; width=&#8221;1\/2&#8243; css=&#8221;.vc_custom_1701770152272{padding-top: 0px !important;background: #e5a648 url(http:\/\/lex-dd.com\/immo\/wp-content\/uploads\/sites\/3\/2017\/02\/serious-expert-wearing-glasses-reading-document-removebg-preview.png?id=3672) !important;background-position: center !important;background-repeat: no-repeat !important;background-size: contain !important;}&#8221; el_class=&#8221;mh-2-col-image-bg&#8221;][\/vc_column][vc_column width=&#8221;1\/2&#8243; css=&#8221;.vc_custom_1496231457062{padding-top: 0px !important;}&#8221; el_class=&#8221;mh-2-col-text&#8221;]<div class=\"mh-heading-wrapper--left \">\r\n\t\r\n        <div class=\"mh-heading-wrapper\">\r\n            <h2            class=\"mh-heading  mh-heading--bottom-separator   \"\r\n            style=\"font-weight:700;\">\r\n\t\t\tGESTION LOCATIVE        <\/h2>\r\n\r\n\t\t            <div class=\"mh-subheading \"\r\n                 style=\"\">\r\n\t\t\t\tNos services            <\/div>\r\n\t\t    <\/div>\r\n\r\n\t<\/div>[vc_column_text el_class=&#8221;mh-font-size-m&#8221;]<strong>LEX &amp; DD vous garantie une gestion administrative de qualit\u00e9 de votre patrimoine\u00a0; vous pouvez compter sur un revenu locatif en toute s\u00e9curit\u00e9 et tous nos engagements sont \u00e9crits.<\/strong><\/p>\n<p><strong>*Nous sommes une agence immobili\u00e8re agr\u00e9e par le minist\u00e8re de la construction et du logement donc par notre domiciliation bancaire vous pouvez b\u00e9n\u00e9ficier d\u2019un financement aupr\u00e8s de votre banque sur la base de vos revenus locatifs r\u00e9guli\u00e8rement vir\u00e9s. <\/strong><\/p>\n<p><strong>Aussi notre expertise en Gestion de Patrimoine vous est offerte \u00e0 travers un exercice annuel que nous vous proposons qui est le Bilan Patrimonial\u00a0; Ce bilan vous permettra de prendre de meilleures d\u00e9cisions dans la strat\u00e9gie du d\u00e9veloppement de votre patrimoine immobilier et financier.<\/strong>[\/vc_column_text][\/vc_column][\/vc_row][vc_row full_width=&#8221;stretch_row&#8221; css=&#8221;.vc_custom_1698414659315{background-color: #ffffff !important;}&#8221;][vc_column]<div class=\" \">\r\n\t\r\n        <div class=\"mh-heading-wrapper\">\r\n            <h2            class=\"mh-heading  mh-heading--bottom-separator   \"\r\n            style=\"font-weight:700;\">\r\n\t\t\tNos diff\u00e9rents packages        <\/h2>\r\n\r\n\t\t    <\/div>\r\n\r\n\t<\/div>[\/vc_column][\/vc_row][vc_row full_width=&#8221;stretch_row_content&#8221; css_animation=&#8221;fadeInLeftBig&#8221;][vc_column width=&#8221;1\/2&#8243; css=&#8221;.vc_custom_1698416394689{background-color: #ffffff !important;}&#8221; el_id=&#8221;notre-ph&#8221; el_class=&#8221;notre2&#8243;]<div class=\"ult-just-icon-wrapper  \"><div class=\"align-icon\" style=\"text-align:left;\">\n<div class=\"aio-icon-img \" style=\"font-size:85px;display:inline-block;\" data-animation=\"bounceInUp\" data-animation-delay=\"03\">\n\t<img class=\"img-icon\" alt=\"null\" src=\"https:\/\/lex-dd.com\/immo\/wp-content\/uploads\/sites\/3\/2023\/10\/gold.png\"\/>\n<\/div><\/div><\/div><div class=\"mh-heading-wrapper--left \">\r\n\t\r\n        <div class=\"mh-heading-wrapper\">\r\n            <h2            class=\"mh-heading  mh-heading--bottom-separator   \"\r\n            style=\"font-weight:700;\">\r\n\t\t\tPACK GOLD        <\/h2>\r\n\r\n\t\t    <\/div>\r\n\r\n\t<\/div>[vc_column_text]<\/p>\n<ul>\n<li>\n<h3 style=\"text-align: left;\">Recherche de locataire<\/h3>\n<\/li>\n<li>\n<h3>Gestion administrative<\/h3>\n<\/li>\n<li>\n<h3>Domiciliation bancaire des revenues locatifs*<\/h3>\n<\/li>\n<li style=\"text-align: left;\">\n<h3>Garantie des loyers en cas d\u2019impay\u00e9s<\/h3>\n<\/li>\n<li style=\"text-align: left;\">\n<h3>Assistance juridique en cas de litiges ou de contentieux<\/h3>\n<\/li>\n<li style=\"text-align: left;\">\n<h3>Paiement des imp\u00f4ts<\/h3>\n<\/li>\n<li>\n<h3 style=\"text-align: left;\">Bilan patrimonial annuel<\/h3>\n<\/li>\n<\/ul>\n<p>[\/vc_column_text][\/vc_column][vc_column width=&#8221;1\/2&#8243; css=&#8221;.vc_custom_1698406186271{background-color: #ffffff !important;}&#8221;]<div class=\"ult-just-icon-wrapper  \"><div class=\"align-icon\" style=\"text-align:left;\">\n<div class=\"aio-icon-img \" style=\"font-size:85px;display:inline-block;\" data-animation=\"bounceInUp\" data-animation-delay=\"03\">\n\t<img class=\"img-icon\" alt=\"null\" src=\"https:\/\/lex-dd.com\/immo\/wp-content\/uploads\/sites\/3\/2023\/10\/argentlex.png\"\/>\n<\/div><\/div><\/div><div class=\"mh-heading-wrapper--left \">\r\n\t\r\n        <div class=\"mh-heading-wrapper\">\r\n            <h2            class=\"mh-heading  mh-heading--bottom-separator   \"\r\n            style=\"font-weight:700;\">\r\n\t\t\tPACK SILVER        <\/h2>\r\n\r\n\t\t    <\/div>\r\n\r\n\t<\/div>[vc_column_text]<\/p>\n<ul>\n<li>\n<h3>Recherche de locataire<\/h3>\n<\/li>\n<li>\n<h3>Domiciliation bancaire des revenus locatifs*<\/h3>\n<\/li>\n<li>\n<h3>Gestion administrative<\/h3>\n<\/li>\n<li>\n<h3>Assistance juridique en cas de litige ou de contentieux<\/h3>\n<\/li>\n<\/ul>\n<p>[\/vc_column_text][\/vc_column][\/vc_row][vc_row full_width=&#8221;stretch_row_content_no_spaces&#8221; equal_height=&#8221;yes&#8221; content_placement=&#8221;middle&#8221; css_animation=&#8221;fadeInRightBig&#8221; css=&#8221;.vc_custom_1698399276887{background-color: #ffffff !important;}&#8221; el_class=&#8221;qui&#8221;][vc_column css_animation=&#8221;fadeInDownBig&#8221; width=&#8221;1\/2&#8243; css=&#8221;.vc_custom_1698399582437{padding-top: 0px !important;background-color: #ffffff !important;background-position: center !important;background-repeat: no-repeat !important;background-size: contain !important;}&#8221; el_class=&#8221;mh-2-col-image-bg&#8221; el_id=&#8221;notre1&#8243;]<div class=\" \">\r\n\t\r\n        <div class=\"mh-heading-wrapper\">\r\n            <h2            class=\"mh-heading  mh-heading--bottom-separator   \"\r\n            style=\"font-weight:700;\">\r\n\t\t\tPOUR TOUS VOS BESOINS, CONTACTEZ-NOUS !        <\/h2>\r\n\r\n\t\t            <div class=\"mh-subheading \"\r\n                 style=\"\">\r\n\t\t\t\tA votre \u00e9coute            <\/div>\r\n\t\t    <\/div>\r\n\r\n\t<\/div>[vc_column_text]<\/p>\n<p style=\"text-align: center;\">Nos charg\u00e9s de relation client\u00e8le sont \u00e0 votre \u00e9coute du lundi au vendredi de 08H \u00e0 17H<\/p>\n<p>[\/vc_column_text][\/vc_column][vc_column width=&#8221;1\/2&#8243; css=&#8221;.vc_custom_1698407346421{padding-top: 0px !important;background-position: center !important;background-repeat: no-repeat !important;background-size: contain !important;}&#8221; el_class=&#8221;mh-2-col-text&#8221;]\n<div class=\"wpcf7 no-js\" id=\"wpcf7-f1864-o1\" lang=\"en-US\" dir=\"ltr\">\n<div class=\"screen-reader-response\"><p role=\"status\" aria-live=\"polite\" aria-atomic=\"true\"><\/p> <ul><\/ul><\/div>\n<form action=\"\/immo\/wp-json\/wp\/v2\/pages\/3845#wpcf7-f1864-o1\" method=\"post\" class=\"wpcf7-form init\" aria-label=\"Contact form\" novalidate=\"novalidate\" data-status=\"init\">\n<div style=\"display: none;\">\n<input type=\"hidden\" name=\"_wpcf7\" value=\"1864\" \/>\n<input type=\"hidden\" name=\"_wpcf7_version\" value=\"5.8.2\" \/>\n<input type=\"hidden\" name=\"_wpcf7_locale\" value=\"en_US\" \/>\n<input type=\"hidden\" name=\"_wpcf7_unit_tag\" value=\"wpcf7-f1864-o1\" \/>\n<input type=\"hidden\" name=\"_wpcf7_container_post\" value=\"0\" \/>\n<input type=\"hidden\" name=\"_wpcf7_posted_data_hash\" value=\"\" \/>\n<\/div>\n<p><label><span class=\"wpcf7-form-control-wrap\" data-name=\"your-name\"><input size=\"40\" class=\"wpcf7-form-control wpcf7-text\" aria-invalid=\"false\" placeholder=\"Votre nom\" value=\"\" type=\"text\" name=\"your-name\" \/><\/span><\/label><label><span class=\"wpcf7-form-control-wrap\" data-name=\"your-phone\"><input size=\"40\" class=\"wpcf7-form-control wpcf7-tel wpcf7-text wpcf7-validates-as-tel\" aria-invalid=\"false\" placeholder=\"T\u00e9l\u00e9phone\" value=\"\" type=\"tel\" name=\"your-phone\" \/><\/span><\/label><label><span class=\"wpcf7-form-control-wrap\" data-name=\"your-email\"><input size=\"40\" class=\"wpcf7-form-control wpcf7-email wpcf7-validates-as-required wpcf7-text wpcf7-validates-as-email\" aria-required=\"true\" aria-invalid=\"false\" placeholder=\"Email\" value=\"\" type=\"email\" name=\"your-email\" \/><\/span><\/label><label><span class=\"wpcf7-form-control-wrap\" data-name=\"your-message\"><textarea cols=\"40\" rows=\"10\" class=\"wpcf7-form-control wpcf7-textarea\" aria-invalid=\"false\" placeholder=\"Votre message\" name=\"your-message\"><\/textarea><\/span><\/label><input class=\"wpcf7-form-control wpcf7-submit has-spinner\" type=\"submit\" value=\"Envoyer\" \/>\n<\/p><div class=\"wpcf7-response-output\" aria-hidden=\"true\"><\/div>\n<\/form>\n<\/div>\n[\/vc_column][\/vc_row]<\/p>\n<\/section>","protected":false},"excerpt":{"rendered":"<p>[vc_row full_width=&#8221;stretch_row_content_no_spaces&#8221; equal_height=&#8221;yes&#8221; content_placement=&#8221;middle&#8221; css_animation=&#8221;fadeInRightBig&#8221; css=&#8221;.vc_custom_1698407560491{background-color: #e5a648 !important;}&#8221; el_class=&#8221;qui&#8221;][vc_column css_animation=&#8221;fadeInDownBig&#8221; width=&#8221;1\/2&#8243; css=&#8221;.vc_custom_1701770152272{padding-top: 0px !important;background: #e5a648 url(http:\/\/lex-dd.com\/immo\/wp-content\/uploads\/sites\/3\/2017\/02\/serious-expert-wearing-glasses-reading-document-removebg-preview.png?id=3672) !important;background-position: center !important;background-repeat: no-repeat !important;background-size: contain !important;}&#8221; el_class=&#8221;mh-2-col-image-bg&#8221;][\/vc_column][vc_column width=&#8221;1\/2&#8243; css=&#8221;.vc_custom_1496231457062{padding-top: 0px !important;}&#8221; el_class=&#8221;mh-2-col-text&#8221;][vc_column_text el_class=&#8221;mh-font-size-m&#8221;]LEX &amp; DD vous garantie une gestion administrative de qualit\u00e9 de votre patrimoine\u00a0; vous pouvez compter sur un revenu locatif en toute s\u00e9curit\u00e9 et tous nos [&hellip;]<\/p>\n","protected":false},"author":1,"featured_media":0,"parent":0,"menu_order":0,"comment_status":"closed","ping_status":"closed","template":"","meta":{"footnotes":"","_joinchat":[]},"acf":[],"_links":{"self":[{"href":"https:\/\/lex-dd.com\/immo\/wp-json\/wp\/v2\/pages\/3845"}],"collection":[{"href":"https:\/\/lex-dd.com\/immo\/wp-json\/wp\/v2\/pages"}],"about":[{"href":"https:\/\/lex-dd.com\/immo\/wp-json\/wp\/v2\/types\/page"}],"author":[{"embeddable":true,"href":"https:\/\/lex-dd.com\/immo\/wp-json\/wp\/v2\/users\/1"}],"replies":[{"embeddable":true,"href":"https:\/\/lex-dd.com\/immo\/wp-json\/wp\/v2\/comments?post=3845"}],"version-history":[{"count":13,"href":"https:\/\/lex-dd.com\/immo\/wp-json\/wp\/v2\/pages\/3845\/revisions"}],"predecessor-version":[{"id":3847,"href":"https:\/\/lex-dd.com\/immo\/wp-json\/wp\/v2\/pages\/3845\/revisions\/3847"}],"wp:attachment":[{"href":"https:\/\/lex-dd.com\/immo\/wp-json\/wp\/v2\/media?parent=3845"}],"curies":[{"name":"wp","href":"https:\/\/api.w.org\/{rel}","templated":true}]}}