{"id":3749,"date":"2023-10-26T19:27:57","date_gmt":"2023-10-26T17:27:57","guid":{"rendered":"https:\/\/lex-dd.com\/wp\/immo\/?page_id=3749"},"modified":"2024-12-09T13:13:54","modified_gmt":"2024-12-09T12:13:54","slug":"qui-sommes-nous","status":"publish","type":"page","link":"https:\/\/lex-dd.com\/immo\/qui-sommes-nous\/","title":{"rendered":"Qui sommes-nous?"},"content":{"rendered":"<section class=\"wpb-content-wrapper\">[vc_row full_width=&#8221;stretch_row&#8221; css=&#8221;.vc_custom_1699211874357{background-color: #e5a648 !important;}&#8221;][vc_column css_animation=&#8221;fadeInLeftBig&#8221; css=&#8221;.vc_custom_1698345719555{padding-top: 39px !important;padding-bottom: 24px !important;}&#8221;][vc_row_inner css=&#8221;.vc_custom_1530552194144{margin-right: -6px !important;margin-left: -6px !important;}&#8221;][vc_column_inner width=&#8221;1\/2&#8243; css=&#8221;.vc_custom_1699212116655{padding-right: 6px !important;padding-left: 6px !important;background-position: center !important;background-repeat: no-repeat !important;background-size: cover !important;}&#8221;][vc_single_image image=&#8221;4128&#8243; img_size=&#8221;full&#8221;][\/vc_column_inner][vc_column_inner width=&#8221;1\/2&#8243; css=&#8221;.vc_custom_1530552095266{padding-right: 6px !important;padding-left: 6px !important;}&#8221;]<div class=\"mh-heading-wrapper--left \">\r\n\t\r\n        <div class=\"mh-heading-wrapper\">\r\n            <h2            class=\"mh-heading  mh-heading--bottom-separator   \"\r\n            style=\"font-weight:700;\">\r\n\t\t\tPr\u00e9sentation de LEX &amp; DD        <\/h2>\r\n\r\n\t\t            <div class=\"mh-subheading \"\r\n                 style=\"\">\r\n\t\t\t\tVotre Partenaire Immobilier de Confiance            <\/div>\r\n\t\t    <\/div>\r\n\r\n\t<\/div>[vc_column_text]\n\nFond\u00e9 en 2019, le cabinet de conseil LEX &amp; DD s&#8217;est impos\u00e9 comme un acteur majeur du secteur immobilier en C\u00f4te d&#8217;Ivoire. Notre expertise englobe la gestion de patrimoine, la recherche de financement, l&#8217;immobilier de moyen et haut standing, ainsi que la gestion locative de divers types de biens, allant des appartements aux villas (qu&#8217;elles soient meubl\u00e9es ou non, pour des locations \u00e0 moyen ou long terme) et aux locaux professionnels, tels que bureaux, entrep\u00f4ts et espaces commerciaux.\n\n<strong>Notre Engagement :<\/strong>\n\nInt\u00e9grit\u00e9 : LEX &amp; DD incarne des valeurs d&#8217;int\u00e9grit\u00e9, d&#8217;honn\u00eatet\u00e9, de respect et de transparence. <a href=\"https:\/\/www.unfreezeafghanistan.org\/\">muliatoto<\/a> Nous croyons en l&#8217;importance de b\u00e2tir des relations de confiance avec nos clients, nos partenaires et nos coll\u00e8gues.\n\nExpertise : Notre \u00e9quipe est compos\u00e9e d&#8217;experts en immobilier dot\u00e9s d&#8217;une connaissance approfondie du march\u00e9 local. Nous restons constamment \u00e0 l&#8217;aff\u00fbt des tendances du march\u00e9 et des r\u00e9glementations en \u00e9volution pour vous offrir des conseils avis\u00e9s.\n\nService Client de Qualit\u00e9 : La satisfaction de nos clients est notre priorit\u00e9 absolue. Nous nous engageons \u00e0 fournir un service client de haute qualit\u00e9, en \u00e9tant \u00e0 votre disposition \u00e0 chaque \u00e9tape de votre parcours immobilier.\n\nInnovation : Nous exploitons les derni\u00e8res technologies et outils immobiliers pour vous offrir une exp\u00e9rience efficace. Cela inclut l&#8217;utilisation de solutions num\u00e9riques pour la recherche de biens, la pr\u00e9sentation de biens et la gestion des transactions.\n\n<strong>Reconnaissance Officielle :<\/strong>\n\nLEX &amp; DD est agr\u00e9\u00e9 par le minist\u00e8re de la construction du logement et de l&#8217;urbanisme sous le num\u00e9ro A 0034147, garantissant ainsi notre conformit\u00e9 aux normes gouvernementales. En outre, en tant que membre de la Chambre du Droit des Affaires et de l&#8217;Immobilier (CDAIM), nous adh\u00e9rons \u00e0 des normes \u00e9thiques et professionnelles rigoureuses.\n\nContactez LEX &amp; DD d\u00e8s aujourd&#8217;hui :\n\nQue vous soyez un acheteur, un vendeur, un locataire ou un investisseur, nous sommes l\u00e0 pour r\u00e9pondre \u00e0 vos besoins immobiliers. Contactez-nous d\u00e8s aujourd&#8217;hui pour discuter de votre projet ou pour obtenir des informations sur nos services immobiliers. Chez LEX &amp; DD, nous transformons vos r\u00eaves immobiliers en r\u00e9alit\u00e9 gr\u00e2ce \u00e0 notre engagement envers l&#8217;int\u00e9grit\u00e9, l&#8217;expertise et la satisfaction du client.\n\n[\/vc_column_text][\/vc_column_inner][\/vc_row_inner][\/vc_column][\/vc_row][vc_row][vc_column][vc_column_text]\n\n<!-- \/wp:shortcode -->\n\n<!-- wp:shortcode -->[\/vc_column_text][\/vc_column][\/vc_row][vc_row full_width=&#8221;stretch_row&#8221;][vc_column css_animation=&#8221;fadeInLeftBig&#8221; css=&#8221;.vc_custom_1698345719555{padding-top: 39px !important;padding-bottom: 24px !important;}&#8221;][vc_row_inner css=&#8221;.vc_custom_1530552194144{margin-right: -6px !important;margin-left: -6px !important;}&#8221;][vc_column_inner width=&#8221;1\/2&#8243; css=&#8221;.vc_custom_1530552068359{padding-right: 6px !important;padding-left: 6px !important;}&#8221;]<div class=\" \">\r\n\t\r\n        <div class=\"mh-heading-wrapper\">\r\n            <h2            class=\"mh-heading  mh-heading--bottom-separator   \"\r\n            style=\"font-weight:700;\">\r\n\t\t\tPOUR TOUS VOS BESOINS, CONTACTEZ-NOUS !        <\/h2>\r\n\r\n\t\t            <div class=\"mh-subheading \"\r\n                 style=\"\">\r\n\t\t\t\tA votre \u00e9coute            <\/div>\r\n\t\t    <\/div>\r\n\r\n\t<\/div>[vc_column_text]\n<p style=\"text-align: center;\">Nos charg\u00e9s de relation client\u00e8le sont \u00e0 votre \u00e9coute du lundi au vendredi de 08H \u00e0 17H<\/p>\n[\/vc_column_text][\/vc_column_inner][vc_column_inner width=&#8221;1\/2&#8243; css=&#8221;.vc_custom_1530552095266{padding-right: 6px !important;padding-left: 6px !important;}&#8221;]\n<div class=\"wpcf7 no-js\" id=\"wpcf7-f1864-o1\" lang=\"en-US\" dir=\"ltr\">\n<div class=\"screen-reader-response\"><p role=\"status\" aria-live=\"polite\" aria-atomic=\"true\"><\/p> <ul><\/ul><\/div>\n<form action=\"\/immo\/wp-json\/wp\/v2\/pages\/3749#wpcf7-f1864-o1\" method=\"post\" class=\"wpcf7-form init\" aria-label=\"Contact form\" novalidate=\"novalidate\" data-status=\"init\">\n<div style=\"display: none;\">\n<input type=\"hidden\" name=\"_wpcf7\" value=\"1864\" \/>\n<input type=\"hidden\" name=\"_wpcf7_version\" value=\"5.8.2\" \/>\n<input type=\"hidden\" name=\"_wpcf7_locale\" value=\"en_US\" \/>\n<input type=\"hidden\" name=\"_wpcf7_unit_tag\" value=\"wpcf7-f1864-o1\" \/>\n<input type=\"hidden\" name=\"_wpcf7_container_post\" value=\"0\" \/>\n<input type=\"hidden\" name=\"_wpcf7_posted_data_hash\" value=\"\" \/>\n<\/div>\n<p><label><span class=\"wpcf7-form-control-wrap\" data-name=\"your-name\"><input size=\"40\" class=\"wpcf7-form-control wpcf7-text\" aria-invalid=\"false\" placeholder=\"Votre nom\" value=\"\" type=\"text\" name=\"your-name\" \/><\/span><\/label><label><span class=\"wpcf7-form-control-wrap\" data-name=\"your-phone\"><input size=\"40\" class=\"wpcf7-form-control wpcf7-tel wpcf7-text wpcf7-validates-as-tel\" aria-invalid=\"false\" placeholder=\"T\u00e9l\u00e9phone\" value=\"\" type=\"tel\" name=\"your-phone\" \/><\/span><\/label><label><span class=\"wpcf7-form-control-wrap\" data-name=\"your-email\"><input size=\"40\" class=\"wpcf7-form-control wpcf7-email wpcf7-validates-as-required wpcf7-text wpcf7-validates-as-email\" aria-required=\"true\" aria-invalid=\"false\" placeholder=\"Email\" value=\"\" type=\"email\" name=\"your-email\" \/><\/span><\/label><label><span class=\"wpcf7-form-control-wrap\" data-name=\"your-message\"><textarea cols=\"40\" rows=\"10\" class=\"wpcf7-form-control wpcf7-textarea\" aria-invalid=\"false\" placeholder=\"Votre message\" name=\"your-message\"><\/textarea><\/span><\/label><input class=\"wpcf7-form-control wpcf7-submit has-spinner\" type=\"submit\" value=\"Envoyer\" \/>\n<\/p><div class=\"wpcf7-response-output\" aria-hidden=\"true\"><\/div>\n<\/form>\n<\/div>\n[\/vc_column_inner][\/vc_row_inner][\/vc_column][\/vc_row][vc_column css=&#8221;.vc_custom_1494609678662{padding-top: 39px !important;padding-bottom: 24px !important;}&#8221;][\/vc_column]<\/section>","protected":false},"excerpt":{"rendered":"<p>[vc_row full_width=&#8221;stretch_row&#8221; css=&#8221;.vc_custom_1699211874357{background-color: #e5a648 !important;}&#8221;][vc_column css_animation=&#8221;fadeInLeftBig&#8221; css=&#8221;.vc_custom_1698345719555{padding-top: 39px !important;padding-bottom: 24px !important;}&#8221;][vc_row_inner css=&#8221;.vc_custom_1530552194144{margin-right: -6px !important;margin-left: -6px !important;}&#8221;][vc_column_inner width=&#8221;1\/2&#8243; css=&#8221;.vc_custom_1699212116655{padding-right: 6px !important;padding-left: 6px !important;background-position: center !important;background-repeat: no-repeat !important;background-size: cover !important;}&#8221;][vc_single_image image=&#8221;4128&#8243; img_size=&#8221;full&#8221;][\/vc_column_inner][vc_column_inner width=&#8221;1\/2&#8243; css=&#8221;.vc_custom_1530552095266{padding-right: 6px !important;padding-left: 6px !important;}&#8221;][vc_column_text] Fond\u00e9 en 2019, le cabinet de conseil LEX &amp; DD s&#8217;est impos\u00e9 comme un acteur majeur du secteur immobilier [&hellip;]<\/p>\n","protected":false},"author":1,"featured_media":3672,"parent":0,"menu_order":0,"comment_status":"closed","ping_status":"closed","template":"","meta":{"footnotes":"","_joinchat":[]},"acf":[],"_links":{"self":[{"href":"https:\/\/lex-dd.com\/immo\/wp-json\/wp\/v2\/pages\/3749"}],"collection":[{"href":"https:\/\/lex-dd.com\/immo\/wp-json\/wp\/v2\/pages"}],"about":[{"href":"https:\/\/lex-dd.com\/immo\/wp-json\/wp\/v2\/types\/page"}],"author":[{"embeddable":true,"href":"https:\/\/lex-dd.com\/immo\/wp-json\/wp\/v2\/users\/1"}],"replies":[{"embeddable":true,"href":"https:\/\/lex-dd.com\/immo\/wp-json\/wp\/v2\/comments?post=3749"}],"version-history":[{"count":31,"href":"https:\/\/lex-dd.com\/immo\/wp-json\/wp\/v2\/pages\/3749\/revisions"}],"predecessor-version":[{"id":4616,"href":"https:\/\/lex-dd.com\/immo\/wp-json\/wp\/v2\/pages\/3749\/revisions\/4616"}],"wp:featuredmedia":[{"embeddable":true,"href":"https:\/\/lex-dd.com\/immo\/wp-json\/wp\/v2\/media\/3672"}],"wp:attachment":[{"href":"https:\/\/lex-dd.com\/immo\/wp-json\/wp\/v2\/media?parent=3749"}],"curies":[{"name":"wp","href":"https:\/\/api.w.org\/{rel}","templated":true}]}}